{"id":325,"date":"2022-03-07T16:16:13","date_gmt":"2022-03-07T16:16:13","guid":{"rendered":"https:\/\/chair.az\/?page_id=325"},"modified":"2022-04-13T06:22:32","modified_gmt":"2022-04-13T06:22:32","slug":"stullar","status":"publish","type":"page","link":"https:\/\/chair.az\/?page_id=325","title":{"rendered":"Stullar"},"content":{"rendered":"\t\t<div data-elementor-type=\"wp-page\" data-elementor-id=\"325\" class=\"elementor elementor-325\" data-elementor-settings=\"[]\">\n\t\t\t\t\t\t\t<div class=\"elementor-section-wrap\">\n\t\t\t\t\t\t\t<section class=\"elementor-section elementor-top-section elementor-element elementor-element-94f0e35 elementor-section-boxed elementor-section-height-default elementor-section-height-default\" data-id=\"94f0e35\" data-element_type=\"section\">\n\t\t\t\t\t\t<div class=\"elementor-container elementor-column-gap-default\">\n\t\t\t\t\t<div class=\"elementor-column elementor-col-100 elementor-top-column elementor-element elementor-element-7997bc1\" data-id=\"7997bc1\" data-element_type=\"column\">\n\t\t\t<div class=\"elementor-widget-wrap elementor-element-populated\">\n\t\t\t\t\t\t\t\t<div class=\"elementor-element elementor-element-cf19cac elementor-widget elementor-widget-spacer\" data-id=\"cf19cac\" data-element_type=\"widget\" data-widget_type=\"spacer.default\">\n\t\t\t\t<div class=\"elementor-widget-container\">\n\t\t\t\t\t<div class=\"elementor-spacer\">\n\t\t\t<div class=\"elementor-spacer-inner\"><\/div>\n\t\t<\/div>\n\t\t\t\t<\/div>\n\t\t\t\t<\/div>\n\t\t\t\t\t<\/div>\n\t\t<\/div>\n\t\t\t\t\t\t\t<\/div>\n\t\t<\/section>\n\t\t\t\t<section class=\"elementor-section elementor-top-section elementor-element elementor-element-779bf6f elementor-section-boxed elementor-section-height-default elementor-section-height-default\" data-id=\"779bf6f\" data-element_type=\"section\" data-settings=\"{&quot;background_background&quot;:&quot;classic&quot;}\">\n\t\t\t\t\t\t<div class=\"elementor-container elementor-column-gap-default\">\n\t\t\t\t\t<div class=\"elementor-column elementor-col-100 elementor-top-column elementor-element elementor-element-a4af9b1\" data-id=\"a4af9b1\" data-element_type=\"column\">\n\t\t\t<div class=\"elementor-widget-wrap elementor-element-populated\">\n\t\t\t\t\t\t\t\t<div class=\"elementor-element elementor-element-c7ad467 elementor-widget elementor-widget-heading\" data-id=\"c7ad467\" data-element_type=\"widget\" data-widget_type=\"heading.default\">\n\t\t\t\t<div class=\"elementor-widget-container\">\n\t\t\t<style>\/*! elementor - v3.5.6 - 28-02-2022 *\/\n.elementor-heading-title{padding:0;margin:0;line-height:1}.elementor-widget-heading .elementor-heading-title[class*=elementor-size-]>a{color:inherit;font-size:inherit;line-height:inherit}.elementor-widget-heading .elementor-heading-title.elementor-size-small{font-size:15px}.elementor-widget-heading .elementor-heading-title.elementor-size-medium{font-size:19px}.elementor-widget-heading .elementor-heading-title.elementor-size-large{font-size:29px}.elementor-widget-heading .elementor-heading-title.elementor-size-xl{font-size:39px}.elementor-widget-heading .elementor-heading-title.elementor-size-xxl{font-size:59px}<\/style><h1 class=\"elementor-heading-title elementor-size-default\">Anbarda olan STUL modell\u0259rimiz<\/h1>\t\t<\/div>\n\t\t\t\t<\/div>\n\t\t\t\t\t<\/div>\n\t\t<\/div>\n\t\t\t\t\t\t\t<\/div>\n\t\t<\/section>\n\t\t\t\t<section class=\"elementor-section elementor-top-section elementor-element elementor-element-4d106ef elementor-section-boxed elementor-section-height-default elementor-section-height-default\" data-id=\"4d106ef\" data-element_type=\"section\">\n\t\t\t\t\t\t<div class=\"elementor-container elementor-column-gap-default\">\n\t\t\t\t\t<div class=\"elementor-column elementor-col-100 elementor-top-column elementor-element elementor-element-c81d7ba\" data-id=\"c81d7ba\" data-element_type=\"column\">\n\t\t\t<div class=\"elementor-widget-wrap elementor-element-populated\">\n\t\t\t\t\t\t\t\t<div class=\"elementor-element elementor-element-f0a4885 elementor-widget elementor-widget-spacer\" data-id=\"f0a4885\" data-element_type=\"widget\" data-widget_type=\"spacer.default\">\n\t\t\t\t<div class=\"elementor-widget-container\">\n\t\t\t\t\t<div class=\"elementor-spacer\">\n\t\t\t<div class=\"elementor-spacer-inner\"><\/div>\n\t\t<\/div>\n\t\t\t\t<\/div>\n\t\t\t\t<\/div>\n\t\t\t\t\t<\/div>\n\t\t<\/div>\n\t\t\t\t\t\t\t<\/div>\n\t\t<\/section>\n\t\t\t\t<section class=\"elementor-section elementor-top-section elementor-element elementor-element-a5aba5f elementor-section-stretched elementor-section-boxed elementor-section-height-default elementor-section-height-default\" data-id=\"a5aba5f\" data-element_type=\"section\" data-settings=\"{&quot;stretch_section&quot;:&quot;section-stretched&quot;}\">\n\t\t\t\t\t\t<div class=\"elementor-container elementor-column-gap-default\">\n\t\t\t\t\t<div class=\"elementor-column elementor-col-100 elementor-top-column elementor-element elementor-element-151b960\" data-id=\"151b960\" data-element_type=\"column\">\n\t\t\t<div class=\"elementor-widget-wrap elementor-element-populated\">\n\t\t\t\t\t\t\t\t<div class=\"elementor-element elementor-element-522196b elementor-widget elementor-widget-image-gallery\" data-id=\"522196b\" data-element_type=\"widget\" data-widget_type=\"image-gallery.default\">\n\t\t\t\t<div class=\"elementor-widget-container\">\n\t\t\t<style>\/*! elementor - v3.5.6 - 28-02-2022 *\/\n.elementor-image-gallery .gallery-item{display:inline-block;text-align:center;vertical-align:top;width:100%;max-width:100%;margin:0 auto}.elementor-image-gallery .gallery-item img{margin:0 auto}.elementor-image-gallery .gallery-item .gallery-caption{margin:0}.elementor-image-gallery figure img{display:block}.elementor-image-gallery figure figcaption{width:100%}.gallery-spacing-custom .elementor-image-gallery .gallery-icon{padding:0}@media (min-width:768px){.elementor-image-gallery .gallery-columns-2 .gallery-item{max-width:50%}.elementor-image-gallery .gallery-columns-3 .gallery-item{max-width:33.33%}.elementor-image-gallery .gallery-columns-4 .gallery-item{max-width:25%}.elementor-image-gallery .gallery-columns-5 .gallery-item{max-width:20%}.elementor-image-gallery .gallery-columns-6 .gallery-item{max-width:16.666%}.elementor-image-gallery .gallery-columns-7 .gallery-item{max-width:14.28%}.elementor-image-gallery .gallery-columns-8 .gallery-item{max-width:12.5%}.elementor-image-gallery .gallery-columns-9 .gallery-item{max-width:11.11%}.elementor-image-gallery .gallery-columns-10 .gallery-item{max-width:10%}}@media (min-width:480px) and (max-width:767px){.elementor-image-gallery .gallery.gallery-columns-2 .gallery-item,.elementor-image-gallery .gallery.gallery-columns-3 .gallery-item,.elementor-image-gallery .gallery.gallery-columns-4 .gallery-item,.elementor-image-gallery .gallery.gallery-columns-5 .gallery-item,.elementor-image-gallery .gallery.gallery-columns-6 .gallery-item,.elementor-image-gallery .gallery.gallery-columns-7 .gallery-item,.elementor-image-gallery .gallery.gallery-columns-8 .gallery-item,.elementor-image-gallery .gallery.gallery-columns-9 .gallery-item,.elementor-image-gallery .gallery.gallery-columns-10 .gallery-item{max-width:50%}}@media (max-width:479px){.elementor-image-gallery .gallery.gallery-columns-2 .gallery-item,.elementor-image-gallery .gallery.gallery-columns-3 .gallery-item,.elementor-image-gallery .gallery.gallery-columns-4 .gallery-item,.elementor-image-gallery .gallery.gallery-columns-5 .gallery-item,.elementor-image-gallery .gallery.gallery-columns-6 .gallery-item,.elementor-image-gallery .gallery.gallery-columns-7 .gallery-item,.elementor-image-gallery .gallery.gallery-columns-8 .gallery-item,.elementor-image-gallery .gallery.gallery-columns-9 .gallery-item,.elementor-image-gallery .gallery.gallery-columns-10 .gallery-item{max-width:100%}}<\/style>\t\t<div class=\"elementor-image-gallery\">\n\t\t\t<div id='gallery-1' class='gallery galleryid-325 gallery-columns-1 gallery-size-large'><figure class='gallery-item'>\n\t\t\t<div class='gallery-icon landscape'>\n\t\t\t\t<img loading=\"lazy\" decoding=\"async\" width=\"1024\" height=\"724\" src=\"https:\/\/chair.az\/wp-content\/uploads\/2022\/03\/Chair00001-1024x724.jpg\" class=\"attachment-large size-large\" alt=\"\" srcset=\"https:\/\/chair.az\/wp-content\/uploads\/2022\/03\/Chair00001-1024x724.jpg 1024w, https:\/\/chair.az\/wp-content\/uploads\/2022\/03\/Chair00001-300x212.jpg 300w, https:\/\/chair.az\/wp-content\/uploads\/2022\/03\/Chair00001-768x543.jpg 768w, https:\/\/chair.az\/wp-content\/uploads\/2022\/03\/Chair00001-1536x1086.jpg 1536w, https:\/\/chair.az\/wp-content\/uploads\/2022\/03\/Chair00001-2048x1448.jpg 2048w\" sizes=\"auto, (max-width: 1024px) 100vw, 1024px\" \/>\n\t\t\t<\/div><\/figure><figure class='gallery-item'>\n\t\t\t<div class='gallery-icon landscape'>\n\t\t\t\t<img loading=\"lazy\" decoding=\"async\" width=\"1024\" height=\"724\" src=\"https:\/\/chair.az\/wp-content\/uploads\/2022\/03\/Chair00002-1024x724.jpg\" class=\"attachment-large size-large\" alt=\"\" srcset=\"https:\/\/chair.az\/wp-content\/uploads\/2022\/03\/Chair00002-1024x724.jpg 1024w, https:\/\/chair.az\/wp-content\/uploads\/2022\/03\/Chair00002-300x212.jpg 300w, https:\/\/chair.az\/wp-content\/uploads\/2022\/03\/Chair00002-768x543.jpg 768w, https:\/\/chair.az\/wp-content\/uploads\/2022\/03\/Chair00002-1536x1086.jpg 1536w, https:\/\/chair.az\/wp-content\/uploads\/2022\/03\/Chair00002-2048x1448.jpg 2048w\" sizes=\"auto, (max-width: 1024px) 100vw, 1024px\" \/>\n\t\t\t<\/div><\/figure><figure class='gallery-item'>\n\t\t\t<div class='gallery-icon landscape'>\n\t\t\t\t<img loading=\"lazy\" decoding=\"async\" width=\"1024\" height=\"724\" src=\"https:\/\/chair.az\/wp-content\/uploads\/2022\/03\/Chair00003-1024x724.jpg\" class=\"attachment-large size-large\" alt=\"\" srcset=\"https:\/\/chair.az\/wp-content\/uploads\/2022\/03\/Chair00003-1024x724.jpg 1024w, https:\/\/chair.az\/wp-content\/uploads\/2022\/03\/Chair00003-300x212.jpg 300w, https:\/\/chair.az\/wp-content\/uploads\/2022\/03\/Chair00003-768x543.jpg 768w, https:\/\/chair.az\/wp-content\/uploads\/2022\/03\/Chair00003-1536x1086.jpg 1536w, https:\/\/chair.az\/wp-content\/uploads\/2022\/03\/Chair00003-2048x1448.jpg 2048w\" sizes=\"auto, (max-width: 1024px) 100vw, 1024px\" \/>\n\t\t\t<\/div><\/figure><figure class='gallery-item'>\n\t\t\t<div class='gallery-icon landscape'>\n\t\t\t\t<img loading=\"lazy\" decoding=\"async\" width=\"1024\" height=\"724\" src=\"https:\/\/chair.az\/wp-content\/uploads\/2022\/03\/Chair00004-1024x724.jpg\" class=\"attachment-large size-large\" alt=\"\" srcset=\"https:\/\/chair.az\/wp-content\/uploads\/2022\/03\/Chair00004-1024x724.jpg 1024w, https:\/\/chair.az\/wp-content\/uploads\/2022\/03\/Chair00004-300x212.jpg 300w, https:\/\/chair.az\/wp-content\/uploads\/2022\/03\/Chair00004-768x543.jpg 768w, https:\/\/chair.az\/wp-content\/uploads\/2022\/03\/Chair00004-1536x1086.jpg 1536w, https:\/\/chair.az\/wp-content\/uploads\/2022\/03\/Chair00004-2048x1448.jpg 2048w\" sizes=\"auto, (max-width: 1024px) 100vw, 1024px\" \/>\n\t\t\t<\/div><\/figure><figure class='gallery-item'>\n\t\t\t<div class='gallery-icon landscape'>\n\t\t\t\t<img loading=\"lazy\" decoding=\"async\" width=\"1024\" height=\"724\" src=\"https:\/\/chair.az\/wp-content\/uploads\/2022\/03\/Chair00005-1024x724.jpg\" class=\"attachment-large size-large\" alt=\"\" srcset=\"https:\/\/chair.az\/wp-content\/uploads\/2022\/03\/Chair00005-1024x724.jpg 1024w, https:\/\/chair.az\/wp-content\/uploads\/2022\/03\/Chair00005-300x212.jpg 300w, https:\/\/chair.az\/wp-content\/uploads\/2022\/03\/Chair00005-768x543.jpg 768w, https:\/\/chair.az\/wp-content\/uploads\/2022\/03\/Chair00005-1536x1086.jpg 1536w, https:\/\/chair.az\/wp-content\/uploads\/2022\/03\/Chair00005-2048x1448.jpg 2048w\" sizes=\"auto, (max-width: 1024px) 100vw, 1024px\" \/>\n\t\t\t<\/div><\/figure><figure class='gallery-item'>\n\t\t\t<div class='gallery-icon landscape'>\n\t\t\t\t<img loading=\"lazy\" decoding=\"async\" width=\"1024\" height=\"724\" src=\"https:\/\/chair.az\/wp-content\/uploads\/2022\/03\/Chair00006-1024x724.jpg\" class=\"attachment-large size-large\" alt=\"\" srcset=\"https:\/\/chair.az\/wp-content\/uploads\/2022\/03\/Chair00006-1024x724.jpg 1024w, https:\/\/chair.az\/wp-content\/uploads\/2022\/03\/Chair00006-300x212.jpg 300w, https:\/\/chair.az\/wp-content\/uploads\/2022\/03\/Chair00006-768x543.jpg 768w, https:\/\/chair.az\/wp-content\/uploads\/2022\/03\/Chair00006-1536x1086.jpg 1536w, https:\/\/chair.az\/wp-content\/uploads\/2022\/03\/Chair00006-2048x1448.jpg 2048w\" sizes=\"auto, (max-width: 1024px) 100vw, 1024px\" \/>\n\t\t\t<\/div><\/figure><figure class='gallery-item'>\n\t\t\t<div class='gallery-icon landscape'>\n\t\t\t\t<img loading=\"lazy\" decoding=\"async\" width=\"1024\" height=\"724\" src=\"https:\/\/chair.az\/wp-content\/uploads\/2022\/03\/Chair00007-1024x724.jpg\" class=\"attachment-large size-large\" alt=\"\" srcset=\"https:\/\/chair.az\/wp-content\/uploads\/2022\/03\/Chair00007-1024x724.jpg 1024w, https:\/\/chair.az\/wp-content\/uploads\/2022\/03\/Chair00007-300x212.jpg 300w, https:\/\/chair.az\/wp-content\/uploads\/2022\/03\/Chair00007-768x543.jpg 768w, https:\/\/chair.az\/wp-content\/uploads\/2022\/03\/Chair00007-1536x1086.jpg 1536w, https:\/\/chair.az\/wp-content\/uploads\/2022\/03\/Chair00007-2048x1448.jpg 2048w\" sizes=\"auto, (max-width: 1024px) 100vw, 1024px\" \/>\n\t\t\t<\/div><\/figure><figure class='gallery-item'>\n\t\t\t<div class='gallery-icon landscape'>\n\t\t\t\t<img loading=\"lazy\" decoding=\"async\" width=\"1024\" height=\"724\" src=\"https:\/\/chair.az\/wp-content\/uploads\/2022\/03\/Chair00008-1024x724.jpg\" class=\"attachment-large size-large\" alt=\"\" srcset=\"https:\/\/chair.az\/wp-content\/uploads\/2022\/03\/Chair00008-1024x724.jpg 1024w, https:\/\/chair.az\/wp-content\/uploads\/2022\/03\/Chair00008-300x212.jpg 300w, https:\/\/chair.az\/wp-content\/uploads\/2022\/03\/Chair00008-768x543.jpg 768w, https:\/\/chair.az\/wp-content\/uploads\/2022\/03\/Chair00008-1536x1086.jpg 1536w, https:\/\/chair.az\/wp-content\/uploads\/2022\/03\/Chair00008-2048x1448.jpg 2048w\" sizes=\"auto, (max-width: 1024px) 100vw, 1024px\" \/>\n\t\t\t<\/div><\/figure><figure class='gallery-item'>\n\t\t\t<div class='gallery-icon landscape'>\n\t\t\t\t<img loading=\"lazy\" decoding=\"async\" width=\"1024\" height=\"724\" src=\"https:\/\/chair.az\/wp-content\/uploads\/2022\/03\/Chair00009-1024x724.jpg\" class=\"attachment-large size-large\" alt=\"\" srcset=\"https:\/\/chair.az\/wp-content\/uploads\/2022\/03\/Chair00009-1024x724.jpg 1024w, https:\/\/chair.az\/wp-content\/uploads\/2022\/03\/Chair00009-300x212.jpg 300w, https:\/\/chair.az\/wp-content\/uploads\/2022\/03\/Chair00009-768x543.jpg 768w, https:\/\/chair.az\/wp-content\/uploads\/2022\/03\/Chair00009-1536x1086.jpg 1536w, https:\/\/chair.az\/wp-content\/uploads\/2022\/03\/Chair00009-2048x1448.jpg 2048w\" sizes=\"auto, (max-width: 1024px) 100vw, 1024px\" \/>\n\t\t\t<\/div><\/figure><figure class='gallery-item'>\n\t\t\t<div class='gallery-icon landscape'>\n\t\t\t\t<img loading=\"lazy\" decoding=\"async\" width=\"1024\" height=\"724\" src=\"https:\/\/chair.az\/wp-content\/uploads\/2022\/03\/Chair00010-1024x724.jpg\" class=\"attachment-large size-large\" alt=\"\" srcset=\"https:\/\/chair.az\/wp-content\/uploads\/2022\/03\/Chair00010-1024x724.jpg 1024w, https:\/\/chair.az\/wp-content\/uploads\/2022\/03\/Chair00010-300x212.jpg 300w, https:\/\/chair.az\/wp-content\/uploads\/2022\/03\/Chair00010-768x543.jpg 768w, https:\/\/chair.az\/wp-content\/uploads\/2022\/03\/Chair00010-1536x1086.jpg 1536w, https:\/\/chair.az\/wp-content\/uploads\/2022\/03\/Chair00010-2048x1448.jpg 2048w\" sizes=\"auto, (max-width: 1024px) 100vw, 1024px\" \/>\n\t\t\t<\/div><\/figure>\n\t\t<\/div>\n\t\t<\/div>\n\t\t\t\t<\/div>\n\t\t\t\t<\/div>\n\t\t\t\t\t<\/div>\n\t\t<\/div>\n\t\t\t\t\t\t\t<\/div>\n\t\t<\/section>\n\t\t\t\t<section class=\"elementor-section elementor-top-section elementor-element elementor-element-38a5c37 elementor-section-stretched elementor-section-boxed elementor-section-height-default elementor-section-height-default\" data-id=\"38a5c37\" data-element_type=\"section\" id=\"elaqe\" data-settings=\"{&quot;stretch_section&quot;:&quot;section-stretched&quot;}\">\n\t\t\t\t\t\t<div class=\"elementor-container elementor-column-gap-default\">\n\t\t\t\t\t<div class=\"elementor-column elementor-col-100 elementor-top-column elementor-element elementor-element-83ce479\" data-id=\"83ce479\" data-element_type=\"column\">\n\t\t\t<div class=\"elementor-widget-wrap elementor-element-populated\">\n\t\t\t\t\t\t\t\t<div class=\"elementor-element elementor-element-49230bd elementor-cta--skin-cover elementor-cta--valign-middle elementor-animated-content elementor-bg-transform elementor-bg-transform-zoom-in elementor-widget elementor-widget-call-to-action\" data-id=\"49230bd\" data-element_type=\"widget\" data-widget_type=\"call-to-action.default\">\n\t\t\t\t<div class=\"elementor-widget-container\">\n\t\t\t<link rel=\"stylesheet\" href=\"https:\/\/chair.az\/wp-content\/plugins\/elementor-pro\/assets\/css\/widget-call-to-action.min.css\">\t\t<div  class=\"elementor-cta\">\n\t\t\t\t\t<div class=\"elementor-cta__bg-wrapper\">\n\t\t\t\t<div class=\"elementor-cta__bg elementor-bg\" style=\"background-image: url(https:\/\/chair.az\/wp-content\/uploads\/2022\/03\/brick-wall-gd1313ef2d_1920.jpg);\"><\/div>\n\t\t\t\t<div class=\"elementor-cta__bg-overlay\"><\/div>\n\t\t\t<\/div>\n\t\t\t\t\t\t\t<div class=\"elementor-cta__content\">\n\t\t\t\t\n\t\t\t\t\t\t\t\t\t<h1 class=\"elementor-cta__title elementor-cta__content-item elementor-content-item elementor-animated-item--shrink\">\n\t\t\t\t\t\tF\u0259rqli model axtar\u0131rs\u0131z?\t\t\t\t\t<\/h1>\n\t\t\t\t\n\t\t\t\t\t\t\t\t\t<div class=\"elementor-cta__description elementor-cta__content-item elementor-content-item elementor-animated-item--shrink\">\n\t\t\t\t\t\tSifari\u015f etm\u0259k ist\u0259diyiniz m\u0259hsulun \u015f\u0259klini biz\u0259 g\u00f6st\u0259rin, y\u00fcks\u0259k d\u0259qiqliy\u0259 malik avandanl\u0131qlar\u0131m\u0131zla istehsal edib ver\u0259k.\t\t\t\t\t<\/div>\n\t\t\t\t\n\t\t\t\t\t\t\t\t\t<div class=\"elementor-cta__button-wrapper elementor-cta__content-item elementor-content-item elementor-animated-item--shrink\">\n\t\t\t\t\t<a class=\"elementor-cta__button elementor-button elementor-size-sm\">\n\t\t\t\t\t\t+99451 205 4042\t\t\t\t\t<\/a>\n\t\t\t\t\t<\/div>\n\t\t\t\t\t\t\t<\/div>\n\t\t\t\t\t\t<\/div>\n\t\t\t\t<\/div>\n\t\t\t\t<\/div>\n\t\t\t\t\t<\/div>\n\t\t<\/div>\n\t\t\t\t\t\t\t<\/div>\n\t\t<\/section>\n\t\t\t\t\t\t<\/div>\n\t\t\t\t\t<\/div>\n\t\t","protected":false},"excerpt":{"rendered":"<p>Anbarda olan STUL modell\u0259rimiz F\u0259rqli model axtar\u0131rs\u0131z? Sifari\u015f etm\u0259k ist\u0259diyiniz m\u0259hsulun \u015f\u0259klini biz\u0259 g\u00f6st\u0259rin, y\u00fcks\u0259k d\u0259qiqliy\u0259 malik avandanl\u0131qlar\u0131m\u0131zla istehsal edib ver\u0259k. +99451 205 4042<\/p>\n","protected":false},"author":1,"featured_media":0,"parent":0,"menu_order":0,"comment_status":"closed","ping_status":"closed","template":"elementor_header_footer","meta":{"site-sidebar-layout":"no-sidebar","site-content-layout":"page-builder","ast-main-header-display":"","ast-hfb-above-header-display":"","ast-hfb-below-header-display":"","ast-hfb-mobile-header-display":"","site-post-title":"disabled","ast-breadcrumbs-content":"","ast-featured-img":"disabled","footer-sml-layout":"","theme-transparent-header-meta":"","adv-header-id-meta":"","stick-header-meta":"","header-above-stick-meta":"","header-main-stick-meta":"","header-below-stick-meta":"","footnotes":""},"class_list":["post-325","page","type-page","status-publish","hentry"],"_links":{"self":[{"href":"https:\/\/chair.az\/index.php?rest_route=\/wp\/v2\/pages\/325","targetHints":{"allow":["GET"]}}],"collection":[{"href":"https:\/\/chair.az\/index.php?rest_route=\/wp\/v2\/pages"}],"about":[{"href":"https:\/\/chair.az\/index.php?rest_route=\/wp\/v2\/types\/page"}],"author":[{"embeddable":true,"href":"https:\/\/chair.az\/index.php?rest_route=\/wp\/v2\/users\/1"}],"replies":[{"embeddable":true,"href":"https:\/\/chair.az\/index.php?rest_route=%2Fwp%2Fv2%2Fcomments&post=325"}],"version-history":[{"count":25,"href":"https:\/\/chair.az\/index.php?rest_route=\/wp\/v2\/pages\/325\/revisions"}],"predecessor-version":[{"id":506,"href":"https:\/\/chair.az\/index.php?rest_route=\/wp\/v2\/pages\/325\/revisions\/506"}],"wp:attachment":[{"href":"https:\/\/chair.az\/index.php?rest_route=%2Fwp%2Fv2%2Fmedia&parent=325"}],"curies":[{"name":"wp","href":"https:\/\/api.w.org\/{rel}","templated":true}]}}